{"id":30666,"date":"2026-04-15T21:13:47","date_gmt":"2026-04-16T03:13:47","guid":{"rendered":"https:\/\/mariabonitasv.com\/?post_type=product&#038;p=30666"},"modified":"2026-04-15T21:23:33","modified_gmt":"2026-04-16T03:23:33","slug":"candle-night-especial-dia-de-las-madres","status":"publish","type":"product","link":"https:\/\/mariabonitasv.com\/en\/product\/candle-night-especial-dia-de-las-madres\/","title":{"rendered":"Candle Night Especial D\u00eda de las Madres \u00a0"},"content":{"rendered":"<p><em><strong>Hay noches que se quedan contigo\u2026 y esta es una de ellas. \u2728<\/strong><\/em><span style=\"font-weight: 400;\"><br \/>\n<\/span><span style=\"font-weight: 400;\"><br \/>\n<\/span><span style=\"font-weight: 400;\">Este 7 de mayo, Mar\u00eda Bonita abre sus puertas para una experiencia dise\u00f1ada para celebrar a mam\u00e1 de una forma \u00fanica: una cena concierto a la luz de las velas, donde cada detalle est\u00e1 pensado para emocionar.\u00a0 \ud83c\udf39<\/span><span style=\"font-weight: 400;\"><br \/>\n<\/span><span style=\"font-weight: 400;\"><br \/>\n<\/span><span style=\"font-weight: 400;\">La velada estar\u00e1 acompa\u00f1ada de m\u00fasica en vivo, con un tributo especial a dos \u00edconos que marcaron generaciones: <em><strong>Juan Gabriel y Roc\u00edo D\u00farcal<\/strong><\/em>. Canciones que hablan de amor, recuerdos y momentos que merecen ser compartidos. \ud83c\udfbb<\/span><span style=\"font-weight: 400;\"><br \/>\n<\/span><span style=\"font-weight: 400;\"><br \/>\n<\/span><span style=\"font-weight: 400;\"><strong>\u00bfQu\u00e9 incluye la experiencia?\u00a0<\/strong><br \/>\n<\/span><\/p>\n<ul>\n<li><em>Cena especial en ambiente \u00edntimo.<\/em><\/li>\n<li><em>Concierto de cuerdas en vivo.<\/em><\/li>\n<li><em>Localidades por persona:<\/em><strong><br \/>\nGold Front Row: $ 75.00 \ud83d\udc9b<br \/>\nEmerald Indoors: $ 65.00 \ud83d\udc9a<br \/>\nCrystal 1: $ 55.00 \ud83d\udc99<br \/>\nCrystal 2: $ 55.00 \ud83d\udc9c<\/strong><\/li>\n<\/ul>\n<p><em><span style=\"font-weight: 400;\">Fecha: <strong>7 de mayo<\/strong><br \/>\nOpen Doors: <strong>8:00 p.m.<br \/>\n<\/strong><\/span><\/em><span style=\"font-weight: 400;\"><br \/>\n<\/span><span style=\"font-weight: 400;\">Porque mam\u00e1 merece algo m\u00e1s que una celebraci\u00f3n\u2026 merece una noche que se sienta para siempre.<\/span><\/p>\n<p><em>Restricciones aplican.<\/em><br \/>\n<em>Costos m\u00e1s propina.<\/em><\/p>\n<p>Al realizar tu compra escr\u00edbenos al +503 6133 2938 para asignar tu mesa seg\u00fan la cantidad de personas de tu grupo.<\/p>","protected":false},"excerpt":{"rendered":"<p><em><strong>Candle Night \u2013 Especial D\u00eda de las Madres \ud83d\udc8b<br \/>\n<\/strong><\/em><span style=\"font-weight: 400;\"><br \/>\n<\/span><span style=\"font-weight: 400;\">Este 7 de mayo, vive una cena concierto \u00edntima con m\u00fasica en vivo en tributo a <em><strong>Juan Gabriel y Roc\u00edo D\u00farcal.\u00a0 <\/strong><\/em><\/span><span style=\"font-weight: 400;\"><br \/>\n<\/span><span style=\"font-weight: 400;\">Una noche para celebrar, sentir y compartir junto a mam\u00e1 en Mar\u00eda Bonita.<\/span><\/p>","protected":false},"featured_media":30667,"template":"","meta":[],"product_cat":[90],"product_tag":[],"class_list":{"0":"post-30666","1":"product","2":"type-product","3":"status-publish","4":"has-post-thumbnail","6":"product_cat-en-vivo","8":"first","9":"instock","10":"shipping-taxable","11":"purchasable","12":"product-type-variable"},"_links":{"self":[{"href":"https:\/\/mariabonitasv.com\/en\/wp-json\/wp\/v2\/product\/30666","targetHints":{"allow":["GET"]}}],"collection":[{"href":"https:\/\/mariabonitasv.com\/en\/wp-json\/wp\/v2\/product"}],"about":[{"href":"https:\/\/mariabonitasv.com\/en\/wp-json\/wp\/v2\/types\/product"}],"wp:featuredmedia":[{"embeddable":true,"href":"https:\/\/mariabonitasv.com\/en\/wp-json\/wp\/v2\/media\/30667"}],"wp:attachment":[{"href":"https:\/\/mariabonitasv.com\/en\/wp-json\/wp\/v2\/media?parent=30666"}],"wp:term":[{"taxonomy":"product_cat","embeddable":true,"href":"https:\/\/mariabonitasv.com\/en\/wp-json\/wp\/v2\/product_cat?post=30666"},{"taxonomy":"product_tag","embeddable":true,"href":"https:\/\/mariabonitasv.com\/en\/wp-json\/wp\/v2\/product_tag?post=30666"}],"curies":[{"name":"wp","href":"https:\/\/api.w.org\/{rel}","templated":true}]}}