{"id":30408,"date":"2025-11-01T13:08:55","date_gmt":"2025-11-01T19:08:55","guid":{"rendered":"https:\/\/mariabonitasv.com\/?post_type=product&#038;p=30408"},"modified":"2026-03-06T22:52:14","modified_gmt":"2026-03-07T04:52:14","slug":"torre-a-la-bonita","status":"publish","type":"product","link":"https:\/\/mariabonitasv.com\/en\/product\/torre-a-la-bonita\/","title":{"rendered":"Torre \u00e1 La Bonita"},"content":{"rendered":"","protected":false},"excerpt":{"rendered":"<p data-start=\"279\" data-end=\"596\">Despu\u00e9s de un largo d\u00eda, nada me gusta m\u00e1s que brindar por los peque\u00f1os logros, las risas y las buenas conversaciones.<br data-start=\"397\" data-end=\"400\" \/>Mi <strong data-start=\"403\" data-end=\"424\">Torre \u00e0 la Bonita<\/strong> es la excusa perfecta para hacerlo: una experiencia creada para tu <strong data-start=\"492\" data-end=\"508\">after office<\/strong>, donde pod\u00e9s <strong data-start=\"522\" data-end=\"557\">combinar tus c\u00f3cteles favoritos<\/strong> y compartirlos con quien m\u00e1s quer\u00e1s.<\/p>\n<p data-start=\"598\" data-end=\"769\">Dej\u00e1 que el d\u00eda se apague entre colores, sabores y un ambiente bonito, mientras disfrut\u00e1s de mis cocteles servidos en torre \u2014porque la vida se celebra mejor en compa\u00f1\u00eda.<\/p>\n<p data-start=\"771\" data-end=\"910\">Disponible de <strong data-start=\"785\" data-end=\"824\">lunes a viernes, de 5 P.M. a 8 P.M.<\/strong>, desde <strong data-start=\"832\" data-end=\"842\">$24.00<\/strong>.<br data-start=\"843\" data-end=\"846\" \/>Tu tarde merece cerrar con estilo\u2026 y un toque a la Bonita. \ud83c\udf78\u2728<\/p>","protected":false},"featured_media":30444,"template":"","meta":[],"product_cat":[92],"product_tag":[],"class_list":{"0":"post-30408","1":"product","2":"type-product","3":"status-publish","4":"has-post-thumbnail","6":"product_cat-mixologia","8":"first","9":"instock","10":"shipping-taxable","11":"product-type-simple"},"_links":{"self":[{"href":"https:\/\/mariabonitasv.com\/en\/wp-json\/wp\/v2\/product\/30408","targetHints":{"allow":["GET"]}}],"collection":[{"href":"https:\/\/mariabonitasv.com\/en\/wp-json\/wp\/v2\/product"}],"about":[{"href":"https:\/\/mariabonitasv.com\/en\/wp-json\/wp\/v2\/types\/product"}],"wp:featuredmedia":[{"embeddable":true,"href":"https:\/\/mariabonitasv.com\/en\/wp-json\/wp\/v2\/media\/30444"}],"wp:attachment":[{"href":"https:\/\/mariabonitasv.com\/en\/wp-json\/wp\/v2\/media?parent=30408"}],"wp:term":[{"taxonomy":"product_cat","embeddable":true,"href":"https:\/\/mariabonitasv.com\/en\/wp-json\/wp\/v2\/product_cat?post=30408"},{"taxonomy":"product_tag","embeddable":true,"href":"https:\/\/mariabonitasv.com\/en\/wp-json\/wp\/v2\/product_tag?post=30408"}],"curies":[{"name":"wp","href":"https:\/\/api.w.org\/{rel}","templated":true}]}}